{"id":9,"date":"2019-01-28T12:51:49","date_gmt":"2019-01-28T11:51:49","guid":{"rendered":"http:\/\/cm-web.be\/?page_id=9"},"modified":"2019-11-28T15:18:45","modified_gmt":"2019-11-28T14:18:45","slug":"contact","status":"publish","type":"page","link":"https:\/\/www.ecib-sa.be\/index.php\/contact\/","title":{"rendered":"Contact"},"content":{"rendered":"\n<p class=\"has-text-color has-background has-very-dark-gray-color has-very-light-gray-background-color\">N&rsquo;h\u00e9sitez pas \u00e0 nous contacter via le formulaire ci-dessous, nous vous recontacterons dans les plus brefs d\u00e9lais.<\/p>\n\n\n<div role=\"form\" class=\"wpcf7\" id=\"wpcf7-f588-o1\" lang=\"fr-FR\" dir=\"ltr\">\n<div class=\"screen-reader-response\"><p role=\"status\" aria-live=\"polite\" aria-atomic=\"true\"><\/p> <ul><\/ul><\/div>\n<form action=\"\/index.php\/wp-json\/wp\/v2\/pages\/9#wpcf7-f588-o1\" method=\"post\" class=\"wpcf7-form init\" novalidate=\"novalidate\" data-status=\"init\">\n<div style=\"display: none;\">\n<input type=\"hidden\" name=\"_wpcf7\" value=\"588\" \/>\n<input type=\"hidden\" name=\"_wpcf7_version\" value=\"5.3.2\" \/>\n<input type=\"hidden\" name=\"_wpcf7_locale\" value=\"fr_FR\" \/>\n<input type=\"hidden\" name=\"_wpcf7_unit_tag\" value=\"wpcf7-f588-o1\" \/>\n<input type=\"hidden\" name=\"_wpcf7_container_post\" value=\"0\" \/>\n<input type=\"hidden\" name=\"_wpcf7_posted_data_hash\" value=\"\" \/>\n<\/div>\n<p><label> Votre nom (obligatoire)<br \/>\n    <span class=\"wpcf7-form-control-wrap your-name\"><input type=\"text\" name=\"your-name\" value=\"\" size=\"40\" class=\"wpcf7-form-control wpcf7-text wpcf7-validates-as-required\" aria-required=\"true\" aria-invalid=\"false\" \/><\/span> <\/label><\/p>\n<p><label> Votre adresse de messagerie (obligatoire)<br \/>\n    <span class=\"wpcf7-form-control-wrap your-email\"><input type=\"email\" name=\"your-email\" value=\"\" size=\"40\" class=\"wpcf7-form-control wpcf7-text wpcf7-email wpcf7-validates-as-required wpcf7-validates-as-email\" aria-required=\"true\" aria-invalid=\"false\" \/><\/span> <\/label><\/p>\n<p><label> Objet<br \/>\n    <span class=\"wpcf7-form-control-wrap your-subject\"><input type=\"text\" name=\"your-subject\" value=\"\" size=\"40\" class=\"wpcf7-form-control wpcf7-text\" aria-invalid=\"false\" \/><\/span> <\/label><\/p>\n<p><label> Votre message (obligatoire)<br \/>\n    <span class=\"wpcf7-form-control-wrap your-message\"><textarea name=\"your-message\" cols=\"40\" rows=\"10\" class=\"wpcf7-form-control wpcf7-textarea wpcf7-validates-as-required\" aria-required=\"true\" aria-invalid=\"false\"><\/textarea><\/span> <\/label><\/p>\n<p><div id=\"cf7sr-69f0c23104473\" class=\"cf7sr-g-recaptcha\" data-sitekey=\"6Ld6qdsZAAAAABcSvA6Lj46201-5vyc-7nXxAWgR\"><\/div><span class=\"wpcf7-form-control-wrap cf7sr-g-recaptcha-invalid\"><\/span><br \/>\n<input type=\"submit\" value=\"Envoyer\" class=\"wpcf7-form-control wpcf7-submit\" \/><\/p>\n<div class=\"wpcf7-response-output\" aria-hidden=\"true\"><\/div><\/form><\/div>\n","protected":false},"excerpt":{"rendered":"<p>N&rsquo;h\u00e9sitez pas \u00e0 nous contacter via le formulaire ci-dessous, nous vous recontacterons dans les plus brefs d\u00e9lais.<\/p>\n","protected":false},"author":1,"featured_media":0,"parent":0,"menu_order":8,"comment_status":"closed","ping_status":"closed","template":"","meta":[],"yoast_head":"<!-- This site is optimized with the Yoast SEO plugin v14.9 - https:\/\/yoast.com\/wordpress\/plugins\/seo\/ -->\n<title>Contact - ECIB - Etude Concept Industriel Boisdenghien<\/title>\n<meta name=\"description\" content=\"Fabrication de portail, cl\u00f4ture, garde-corps, escalier,... \u00e0 Ath (Hainaut). Vente et pose pour le particulier et le professionnel\" \/>\n<meta name=\"robots\" content=\"index, follow, max-snippet:-1, max-image-preview:large, max-video-preview:-1\" \/>\n<link rel=\"canonical\" href=\"http:\/\/www.ecib-sa.be\/index.php\/contact\/\" \/>\n<meta property=\"og:locale\" content=\"fr_FR\" \/>\n<meta property=\"og:type\" content=\"article\" \/>\n<meta property=\"og:title\" content=\"Contact - ECIB - Etude Concept Industriel Boisdenghien\" \/>\n<meta property=\"og:description\" content=\"Fabrication de portail, cl\u00f4ture, garde-corps, escalier,... \u00e0 Ath (Hainaut). Vente et pose pour le particulier et le professionnel\" \/>\n<meta property=\"og:url\" content=\"http:\/\/www.ecib-sa.be\/index.php\/contact\/\" \/>\n<meta property=\"og:site_name\" content=\"ECIB - Etude Concept Industriel Boisdenghien\" \/>\n<meta property=\"article:publisher\" content=\"https:\/\/www.facebook.com\/ecibsa\/\" \/>\n<meta property=\"article:modified_time\" content=\"2019-11-28T14:18:45+00:00\" \/>\n<meta name=\"twitter:card\" content=\"summary_large_image\" \/>\n<script type=\"application\/ld+json\" class=\"yoast-schema-graph\">{\"@context\":\"https:\/\/schema.org\",\"@graph\":[{\"@type\":\"WebSite\",\"@id\":\"https:\/\/www.ecib-sa.be\/#website\",\"url\":\"https:\/\/www.ecib-sa.be\/\",\"name\":\"ECIB - Etude Concept Industriel Boisdenghien\",\"description\":\"Contactez-nous : info@ecib-sa.be ou au 068\/57 21 51\",\"potentialAction\":[{\"@type\":\"SearchAction\",\"target\":\"https:\/\/www.ecib-sa.be\/?s={search_term_string}\",\"query-input\":\"required name=search_term_string\"}],\"inLanguage\":\"fr-FR\"},{\"@type\":\"WebPage\",\"@id\":\"http:\/\/www.ecib-sa.be\/index.php\/contact\/#webpage\",\"url\":\"http:\/\/www.ecib-sa.be\/index.php\/contact\/\",\"name\":\"Contact - ECIB - Etude Concept Industriel Boisdenghien\",\"isPartOf\":{\"@id\":\"https:\/\/www.ecib-sa.be\/#website\"},\"datePublished\":\"2019-01-28T11:51:49+00:00\",\"dateModified\":\"2019-11-28T14:18:45+00:00\",\"description\":\"Fabrication de portail, cl\\u00f4ture, garde-corps, escalier,... \\u00e0 Ath (Hainaut). Vente et pose pour le particulier et le professionnel\",\"inLanguage\":\"fr-FR\",\"potentialAction\":[{\"@type\":\"ReadAction\",\"target\":[\"http:\/\/www.ecib-sa.be\/index.php\/contact\/\"]}]}]}<\/script>\n<!-- \/ Yoast SEO plugin. -->","_links":{"self":[{"href":"https:\/\/www.ecib-sa.be\/index.php\/wp-json\/wp\/v2\/pages\/9"}],"collection":[{"href":"https:\/\/www.ecib-sa.be\/index.php\/wp-json\/wp\/v2\/pages"}],"about":[{"href":"https:\/\/www.ecib-sa.be\/index.php\/wp-json\/wp\/v2\/types\/page"}],"author":[{"embeddable":true,"href":"https:\/\/www.ecib-sa.be\/index.php\/wp-json\/wp\/v2\/users\/1"}],"replies":[{"embeddable":true,"href":"https:\/\/www.ecib-sa.be\/index.php\/wp-json\/wp\/v2\/comments?post=9"}],"version-history":[{"count":5,"href":"https:\/\/www.ecib-sa.be\/index.php\/wp-json\/wp\/v2\/pages\/9\/revisions"}],"predecessor-version":[{"id":589,"href":"https:\/\/www.ecib-sa.be\/index.php\/wp-json\/wp\/v2\/pages\/9\/revisions\/589"}],"wp:attachment":[{"href":"https:\/\/www.ecib-sa.be\/index.php\/wp-json\/wp\/v2\/media?parent=9"}],"curies":[{"name":"wp","href":"https:\/\/api.w.org\/{rel}","templated":true}]}}