{"id":68,"date":"2019-01-31T14:10:45","date_gmt":"2019-01-31T13:10:45","guid":{"rendered":"http:\/\/cm-web.be\/index.php\/home\/"},"modified":"2019-09-11T12:28:47","modified_gmt":"2019-09-11T10:28:47","slug":"home","status":"publish","type":"page","link":"https:\/\/www.ecib-sa.be\/","title":{"rendered":"Home"},"content":{"rendered":"\n<p style=\"font-size:27px;text-align:center\" class=\"has-background has-pale-cyan-blue-background-color\"><strong>ECIB en quelques mots <\/strong><\/p>\n\n\n\n<div class=\"wp-block-columns has-3-columns\">\n<div class=\"wp-block-column\">\n<p class=\"has-background has-vivid-cyan-blue-background-color\">Qualit\u00e9<\/p>\n\n\n\n<p class=\"has-text-color has-background has-very-dark-gray-color has-pale-cyan-blue-background-color\"><br>ECIB fabrique essentiellement dans notre propre atelier et nous travaillons avec des partenaires de qualit\u00e9&nbsp;<\/p>\n<\/div>\n\n\n\n<div class=\"wp-block-column\">\n<p class=\"has-background has-vivid-cyan-blue-background-color\">Proximit\u00e9<\/p>\n\n\n\n<p class=\"has-background has-pale-cyan-blue-background-color\"><br>ECIB est une entreprise familiale qui se veut \u00eatre proche de ses clients. Nous aimons conseiller, proposer de nouvelles id\u00e9es \u00e0 nos clients<\/p>\n<\/div>\n\n\n\n<div class=\"wp-block-column\">\n<p class=\"has-background has-vivid-cyan-blue-background-color\">Satisfaction des clients<\/p>\n\n\n\n<p class=\"has-background has-pale-cyan-blue-background-color\">ECIB veille \u00e0 proposer \u00e0 ses clients des produits et des services qui r\u00e9pondent \u00e0 leurs besoins, \u00e0 leurs attentes, \u00e0 leur niveau d\u2019exigence<\/p>\n<\/div>\n<\/div>\n\n\n\n<p>&nbsp;<\/p>\n","protected":false},"excerpt":{"rendered":"<p>ECIB en quelques mots Qualit\u00e9 ECIB fabrique essentiellement dans notre propre atelier et nous travaillons avec des partenaires de qualit\u00e9&nbsp; Proximit\u00e9 ECIB est une entreprise familiale qui se veut \u00eatre proche de ses clients. Nous aimons conseiller, proposer de nouvelles id\u00e9es \u00e0 nos clients Satisfaction des clients ECIB veille \u00e0 proposer \u00e0 ses clients des<\/p><\/div>\n<div class=\"blog-btn\"><a href=\"https:\/\/www.ecib-sa.be\/\" class=\"home-blog-btn\">Lire la suite<\/a><\/p>\n","protected":false},"author":1,"featured_media":0,"parent":0,"menu_order":0,"comment_status":"closed","ping_status":"closed","template":"template-business.php","meta":[],"yoast_head":"<!-- This site is optimized with the Yoast SEO plugin v14.9 - https:\/\/yoast.com\/wordpress\/plugins\/seo\/ -->\n<title>Home - ECIB - Etude Concept Industriel Boisdenghien - Ferronnerie<\/title>\n<meta name=\"description\" content=\"Fabrication de portail, cl\u00f4ture, garde-corps, escalier,... \u00e0 Ath (Hainaut). Vente et pose pour le particulier et le professionnel\" \/>\n<meta name=\"robots\" content=\"index, follow, max-snippet:-1, max-image-preview:large, max-video-preview:-1\" \/>\n<link rel=\"canonical\" href=\"http:\/\/www.ecib-sa.be\/\" \/>\n<meta property=\"og:locale\" content=\"fr_FR\" \/>\n<meta property=\"og:type\" content=\"article\" \/>\n<meta property=\"og:title\" content=\"Home - ECIB - Etude Concept Industriel Boisdenghien - Ferronnerie\" \/>\n<meta property=\"og:description\" content=\"Fabrication de portail, cl\u00f4ture, garde-corps, escalier,... \u00e0 Ath (Hainaut). Vente et pose pour le particulier et le professionnel\" \/>\n<meta property=\"og:url\" content=\"http:\/\/www.ecib-sa.be\/\" \/>\n<meta property=\"og:site_name\" content=\"ECIB - Etude Concept Industriel Boisdenghien\" \/>\n<meta property=\"article:publisher\" content=\"https:\/\/www.facebook.com\/ecibsa\/\" \/>\n<meta property=\"article:modified_time\" content=\"2019-09-11T10:28:47+00:00\" \/>\n<meta name=\"twitter:card\" content=\"summary_large_image\" \/>\n<script type=\"application\/ld+json\" class=\"yoast-schema-graph\">{\"@context\":\"https:\/\/schema.org\",\"@graph\":[{\"@type\":\"WebSite\",\"@id\":\"https:\/\/www.ecib-sa.be\/#website\",\"url\":\"https:\/\/www.ecib-sa.be\/\",\"name\":\"ECIB - Etude Concept Industriel Boisdenghien\",\"description\":\"Contactez-nous : info@ecib-sa.be ou au 068\/57 21 51\",\"potentialAction\":[{\"@type\":\"SearchAction\",\"target\":\"https:\/\/www.ecib-sa.be\/?s={search_term_string}\",\"query-input\":\"required name=search_term_string\"}],\"inLanguage\":\"fr-FR\"},{\"@type\":\"WebPage\",\"@id\":\"http:\/\/www.ecib-sa.be\/#webpage\",\"url\":\"http:\/\/www.ecib-sa.be\/\",\"name\":\"Home - ECIB - Etude Concept Industriel Boisdenghien - Ferronnerie\",\"isPartOf\":{\"@id\":\"https:\/\/www.ecib-sa.be\/#website\"},\"datePublished\":\"2019-01-31T13:10:45+00:00\",\"dateModified\":\"2019-09-11T10:28:47+00:00\",\"description\":\"Fabrication de portail, cl\\u00f4ture, garde-corps, escalier,... \\u00e0 Ath (Hainaut). Vente et pose pour le particulier et le professionnel\",\"inLanguage\":\"fr-FR\",\"potentialAction\":[{\"@type\":\"ReadAction\",\"target\":[\"http:\/\/www.ecib-sa.be\/\"]}]}]}<\/script>\n<!-- \/ Yoast SEO plugin. -->","_links":{"self":[{"href":"https:\/\/www.ecib-sa.be\/index.php\/wp-json\/wp\/v2\/pages\/68"}],"collection":[{"href":"https:\/\/www.ecib-sa.be\/index.php\/wp-json\/wp\/v2\/pages"}],"about":[{"href":"https:\/\/www.ecib-sa.be\/index.php\/wp-json\/wp\/v2\/types\/page"}],"author":[{"embeddable":true,"href":"https:\/\/www.ecib-sa.be\/index.php\/wp-json\/wp\/v2\/users\/1"}],"replies":[{"embeddable":true,"href":"https:\/\/www.ecib-sa.be\/index.php\/wp-json\/wp\/v2\/comments?post=68"}],"version-history":[{"count":3,"href":"https:\/\/www.ecib-sa.be\/index.php\/wp-json\/wp\/v2\/pages\/68\/revisions"}],"predecessor-version":[{"id":600,"href":"https:\/\/www.ecib-sa.be\/index.php\/wp-json\/wp\/v2\/pages\/68\/revisions\/600"}],"wp:attachment":[{"href":"https:\/\/www.ecib-sa.be\/index.php\/wp-json\/wp\/v2\/media?parent=68"}],"curies":[{"name":"wp","href":"https:\/\/api.w.org\/{rel}","templated":true}]}}