{"id":30,"date":"2019-01-28T13:17:59","date_gmt":"2019-01-28T12:17:59","guid":{"rendered":"http:\/\/cm-web.be\/?page_id=30"},"modified":"2019-09-11T15:46:25","modified_gmt":"2019-09-11T13:46:25","slug":"industrie","status":"publish","type":"page","link":"https:\/\/www.ecib-sa.be\/index.php\/industrie\/","title":{"rendered":"Industrie"},"content":{"rendered":"\n<div class=\"wp-block-columns has-3-columns\">\n<div class=\"wp-block-column\">\n<p style=\"text-align:center\" class=\"has-medium-font-size\"><strong>Maintenance<\/strong><br><br><\/p>\n\n\n\n<figure class=\"wp-block-image\"><img loading=\"lazy\" width=\"600\" height=\"450\" src=\"http:\/\/www.ecib-sa.be\/wp-content\/uploads\/2019\/02\/maintenance-1.jpg\" alt=\"Maintenance Ath\" class=\"wp-image-418\" srcset=\"https:\/\/www.ecib-sa.be\/wp-content\/uploads\/2019\/02\/maintenance-1.jpg 600w, https:\/\/www.ecib-sa.be\/wp-content\/uploads\/2019\/02\/maintenance-1-300x225.jpg 300w\" sizes=\"(max-width: 600px) 100vw, 600px\" \/><\/figure>\n\n\n\n<p>Maintenance pr\u00e9ventive et r\u00e9paration m\u00e9canique industrielle. R\u00e9usinage \u00e0 l\u2019identique ou suivant plans.<\/p>\n\n\n\n<p>Nettoyage de pi\u00e8ces, sablage, microbillage.<\/p>\n\n\n\n<p>Remplacement de convoyeurs.<\/p>\n<\/div>\n\n\n\n<div class=\"wp-block-column\">\n<p style=\"text-align:center\" class=\"has-medium-font-size\"><strong>Tuyauteries<\/strong><br><br><\/p>\n\n\n\n<figure class=\"wp-block-image\"><img loading=\"lazy\" width=\"600\" height=\"450\" src=\"http:\/\/www.ecib-sa.be\/wp-content\/uploads\/2019\/02\/tuyauterie-1.jpg\" alt=\"Tuyauterie Ath\" class=\"wp-image-421\" srcset=\"https:\/\/www.ecib-sa.be\/wp-content\/uploads\/2019\/02\/tuyauterie-1.jpg 600w, https:\/\/www.ecib-sa.be\/wp-content\/uploads\/2019\/02\/tuyauterie-1-300x225.jpg 300w\" sizes=\"(max-width: 600px) 100vw, 600px\" \/><\/figure>\n\n\n\n<p>Fourniture et pose de tuyauteries industrielles:<\/p>\n\n\n\n<ul><li>tous types de raccords: serti, filet\u00e9, assembl\u00e9, soud\u00e9, coll\u00e9 (PVC).<\/li><li>tous supports: alpex, galvanis\u00e9, inox, pvc, cuivre<\/li><li>destinations: eau, additifs, air comprim\u00e9<\/li><li>tests de mise sous pression.<\/li><\/ul>\n<\/div>\n\n\n\n<div class=\"wp-block-column\">\n<p style=\"text-align:center\" class=\"has-medium-font-size\"><strong>Constructions m\u00e9talliques<\/strong><br><br><\/p>\n\n\n\n<figure class=\"wp-block-image\"><img loading=\"lazy\" width=\"600\" height=\"450\" src=\"http:\/\/www.ecib-sa.be\/wp-content\/uploads\/2019\/02\/constr.jpg\" alt=\"Construction m\u00e9tallique\" class=\"wp-image-413\" srcset=\"https:\/\/www.ecib-sa.be\/wp-content\/uploads\/2019\/02\/constr.jpg 600w, https:\/\/www.ecib-sa.be\/wp-content\/uploads\/2019\/02\/constr-300x225.jpg 300w\" sizes=\"(max-width: 600px) 100vw, 600px\" \/><\/figure>\n\n\n\n<p>Construction de charpentes m\u00e9talliques, hangars, halls industriels. Pr\u00e9aux, auvents Passerelles, passerelles de sorties de secours Escaliers industriels<\/p>\n<\/div>\n<\/div>\n\n\n\n<div class=\"wp-block-columns has-3-columns\">\n<div class=\"wp-block-column\">\n<p style=\"text-align:center\" class=\"has-medium-font-size\"><strong>Levage et d\u00e9placement de machines<\/strong><\/p>\n\n\n\n<figure class=\"wp-block-image\"><img loading=\"lazy\" width=\"600\" height=\"450\" src=\"http:\/\/www.ecib-sa.be\/wp-content\/uploads\/2019\/02\/levage.jpg\" alt=\"Levage\" class=\"wp-image-426\" srcset=\"https:\/\/www.ecib-sa.be\/wp-content\/uploads\/2019\/02\/levage.jpg 600w, https:\/\/www.ecib-sa.be\/wp-content\/uploads\/2019\/02\/levage-300x225.jpg 300w\" sizes=\"(max-width: 600px) 100vw, 600px\" \/><\/figure>\n\n\n\n<p>Dans le cadre de placement ou d\u00e9placement de machines-outils, fours ou outillages lourds, nous disposons des moyens suivants:\n<\/p>\n\n\n\n<ul><li>Grue de 25T<\/li><li>Coussins d\u2019air comprim\u00e9<\/li><li>Galets et rouleaux<\/li><li>Crics<\/li><li>Plaques \u00e0 roulettes<\/li><li>Chenillettes<\/li><\/ul>\n<\/div>\n\n\n\n<div class=\"wp-block-column\">\n<p style=\"text-align:center\" class=\"has-medium-font-size\"><strong>Conception de machines<\/strong><br><br><\/p>\n\n\n\n<figure class=\"wp-block-image\"><img loading=\"lazy\" width=\"1024\" height=\"668\" src=\"http:\/\/www.ecib-sa.be\/wp-content\/uploads\/2019\/01\/macro-1452987_1920-1024x668.jpg\" alt=\"\" class=\"wp-image-107\" srcset=\"https:\/\/www.ecib-sa.be\/wp-content\/uploads\/2019\/01\/macro-1452987_1920-1024x668.jpg 1024w, https:\/\/www.ecib-sa.be\/wp-content\/uploads\/2019\/01\/macro-1452987_1920-300x196.jpg 300w, https:\/\/www.ecib-sa.be\/wp-content\/uploads\/2019\/01\/macro-1452987_1920-768x501.jpg 768w, https:\/\/www.ecib-sa.be\/wp-content\/uploads\/2019\/01\/macro-1452987_1920.jpg 1920w\" sizes=\"(max-width: 1024px) 100vw, 1024px\" \/><\/figure>\n\n\n\n<p>R\u00e9alisation de machines sur mesure, \u00e0 la demande du client. R\u00e9cemment r\u00e9alis\u00e9s: car-wash, tr\u00e9mies, presses (\u00e9crasement de f\u00fbts), laveuses \u00e0 casiers (brasserie), broyeurs, unit\u00e9s de tamisage, syst\u00e8mes de pompage, m\u00e9langeurs. Nous vous aidons \u00e0 la conception de plans, l\u2019\u00e9tude m\u00e9canique et \u00e9lectrique, et nous chargeons de la r\u00e9alisation.<\/p>\n<\/div>\n\n\n\n<div class=\"wp-block-column\">\n<p style=\"text-align:center\" class=\"has-medium-font-size\"><strong>Etudes et plans<\/strong><br><br><\/p>\n\n\n\n<figure class=\"wp-block-image\"><img loading=\"lazy\" width=\"600\" height=\"450\" src=\"http:\/\/www.ecib-sa.be\/wp-content\/uploads\/2019\/09\/plan.jpg\" alt=\"R\u00e9alisation de plans de clotures, portails pour la r\u00e9gion d'ath\" class=\"wp-image-504\" srcset=\"https:\/\/www.ecib-sa.be\/wp-content\/uploads\/2019\/09\/plan.jpg 600w, https:\/\/www.ecib-sa.be\/wp-content\/uploads\/2019\/09\/plan-300x225.jpg 300w\" sizes=\"(max-width: 600px) 100vw, 600px\" \/><\/figure>\n\n\n\n<p>Etudes et plans<br>Nous effectuons les notes de calcul, les plans de stabilit\u00e9 des charpentes, mais \u00e9galement les plans de portails, escaliers, pr\u00e9aux.<\/p>\n<\/div>\n<\/div>\n","protected":false},"excerpt":{"rendered":"<p>Maintenance Maintenance pr\u00e9ventive et r\u00e9paration m\u00e9canique industrielle. R\u00e9usinage \u00e0 l\u2019identique ou suivant plans. Nettoyage de pi\u00e8ces, sablage, microbillage. Remplacement de convoyeurs. Tuyauteries Fourniture et pose de tuyauteries industrielles: tous types de raccords: serti, filet\u00e9, assembl\u00e9, soud\u00e9, coll\u00e9 (PVC). tous supports: alpex, galvanis\u00e9, inox, pvc, cuivre destinations: eau, additifs, air comprim\u00e9 tests de mise sous pression.<\/p><\/div>\n<div class=\"blog-btn\"><a href=\"https:\/\/www.ecib-sa.be\/index.php\/industrie\/\" class=\"home-blog-btn\">Lire la suite<\/a><\/p>\n","protected":false},"author":1,"featured_media":0,"parent":0,"menu_order":5,"comment_status":"closed","ping_status":"closed","template":"","meta":[],"yoast_head":"<!-- This site is optimized with the Yoast SEO plugin v14.9 - https:\/\/yoast.com\/wordpress\/plugins\/seo\/ -->\n<title>Industrie - ECIB - Etude Concept Industriel Boisdenghien<\/title>\n<meta name=\"description\" content=\"ECIB c&#039;est aussi pour l&#039;industrie : maintenance industrielle, tuyauterie, construction m\u00e9tallique, d\u00e9placement de pi\u00e8ces lourdes, conception de machine, ...\" \/>\n<meta name=\"robots\" content=\"index, follow, max-snippet:-1, max-image-preview:large, max-video-preview:-1\" \/>\n<link rel=\"canonical\" href=\"http:\/\/www.ecib-sa.be\/index.php\/industrie\/\" \/>\n<meta property=\"og:locale\" content=\"fr_FR\" \/>\n<meta property=\"og:type\" content=\"article\" \/>\n<meta property=\"og:title\" content=\"Industrie - ECIB - Etude Concept Industriel Boisdenghien\" \/>\n<meta property=\"og:description\" content=\"ECIB c&#039;est aussi pour l&#039;industrie : maintenance industrielle, tuyauterie, construction m\u00e9tallique, d\u00e9placement de pi\u00e8ces lourdes, conception de machine, ...\" \/>\n<meta property=\"og:url\" content=\"http:\/\/www.ecib-sa.be\/index.php\/industrie\/\" \/>\n<meta property=\"og:site_name\" content=\"ECIB - Etude Concept Industriel Boisdenghien\" \/>\n<meta property=\"article:publisher\" content=\"https:\/\/www.facebook.com\/ecibsa\/\" \/>\n<meta property=\"article:modified_time\" content=\"2019-09-11T13:46:25+00:00\" \/>\n<meta property=\"og:image\" content=\"http:\/\/www.ecib-sa.be\/wp-content\/uploads\/2019\/02\/maintenance-1.jpg\" \/>\n<meta name=\"twitter:card\" content=\"summary_large_image\" \/>\n<script type=\"application\/ld+json\" class=\"yoast-schema-graph\">{\"@context\":\"https:\/\/schema.org\",\"@graph\":[{\"@type\":\"WebSite\",\"@id\":\"https:\/\/www.ecib-sa.be\/#website\",\"url\":\"https:\/\/www.ecib-sa.be\/\",\"name\":\"ECIB - Etude Concept Industriel Boisdenghien\",\"description\":\"Contactez-nous : info@ecib-sa.be ou au 068\/57 21 51\",\"potentialAction\":[{\"@type\":\"SearchAction\",\"target\":\"https:\/\/www.ecib-sa.be\/?s={search_term_string}\",\"query-input\":\"required name=search_term_string\"}],\"inLanguage\":\"fr-FR\"},{\"@type\":\"ImageObject\",\"@id\":\"http:\/\/www.ecib-sa.be\/index.php\/industrie\/#primaryimage\",\"inLanguage\":\"fr-FR\",\"url\":\"http:\/\/www.ecib-sa.be\/wp-content\/uploads\/2019\/02\/maintenance-1.jpg\"},{\"@type\":\"WebPage\",\"@id\":\"http:\/\/www.ecib-sa.be\/index.php\/industrie\/#webpage\",\"url\":\"http:\/\/www.ecib-sa.be\/index.php\/industrie\/\",\"name\":\"Industrie - ECIB - Etude Concept Industriel Boisdenghien\",\"isPartOf\":{\"@id\":\"https:\/\/www.ecib-sa.be\/#website\"},\"primaryImageOfPage\":{\"@id\":\"http:\/\/www.ecib-sa.be\/index.php\/industrie\/#primaryimage\"},\"datePublished\":\"2019-01-28T12:17:59+00:00\",\"dateModified\":\"2019-09-11T13:46:25+00:00\",\"description\":\"ECIB c'est aussi pour l'industrie : maintenance industrielle, tuyauterie, construction m\\u00e9tallique, d\\u00e9placement de pi\\u00e8ces lourdes, conception de machine, ...\",\"inLanguage\":\"fr-FR\",\"potentialAction\":[{\"@type\":\"ReadAction\",\"target\":[\"http:\/\/www.ecib-sa.be\/index.php\/industrie\/\"]}]}]}<\/script>\n<!-- \/ Yoast SEO plugin. -->","_links":{"self":[{"href":"https:\/\/www.ecib-sa.be\/index.php\/wp-json\/wp\/v2\/pages\/30"}],"collection":[{"href":"https:\/\/www.ecib-sa.be\/index.php\/wp-json\/wp\/v2\/pages"}],"about":[{"href":"https:\/\/www.ecib-sa.be\/index.php\/wp-json\/wp\/v2\/types\/page"}],"author":[{"embeddable":true,"href":"https:\/\/www.ecib-sa.be\/index.php\/wp-json\/wp\/v2\/users\/1"}],"replies":[{"embeddable":true,"href":"https:\/\/www.ecib-sa.be\/index.php\/wp-json\/wp\/v2\/comments?post=30"}],"version-history":[{"count":23,"href":"https:\/\/www.ecib-sa.be\/index.php\/wp-json\/wp\/v2\/pages\/30\/revisions"}],"predecessor-version":[{"id":507,"href":"https:\/\/www.ecib-sa.be\/index.php\/wp-json\/wp\/v2\/pages\/30\/revisions\/507"}],"wp:attachment":[{"href":"https:\/\/www.ecib-sa.be\/index.php\/wp-json\/wp\/v2\/media?parent=30"}],"curies":[{"name":"wp","href":"https:\/\/api.w.org\/{rel}","templated":true}]}}